{"id":1009,"date":"2020-03-23T22:07:41","date_gmt":"2020-03-23T20:07:41","guid":{"rendered":"http:\/\/www.vhfdx.ro\/?page_id=1009"},"modified":"2026-01-13T16:36:56","modified_gmt":"2026-01-13T16:36:56","slug":"maraton-yo-shf","status":"publish","type":"page","link":"https:\/\/www.vhfdx.ro\/index.php\/ro\/maraton-yo-shf\/","title":{"rendered":"Maraton YO UHF-SHF"},"content":{"rendered":"<div class=\"post-content\">\n<div class=\"wp-block-buttons is-layout-flex wp-block-buttons-is-layout-flex\">\n<div class=\"wp-block-button is-style-outline is-style-outline--1\"><a class=\"wp-block-button__link wp-element-button\" href=\"https:\/\/www.vhfdx.ro\/index.php\/ro\/maraton-yo-shf\/log-upload\/\"><strong>\u00cencarc\u0103 log<\/strong><\/a><\/div>\n\n\n\n<div class=\"wp-block-button is-style-outline is-style-outline--2\"><a class=\"wp-block-button__link wp-element-button\" href=\"https:\/\/www.vhfdx.ro\/index.php\/ro\/maraton-yo-shf\/loguri-primite\/\"><strong>Loguri primite<\/strong><\/a><\/div>\n\n\n\n<div class=\"wp-block-button is-style-outline is-style-outline--3\"><a class=\"wp-block-button__link wp-element-button\" href=\"https:\/\/www.vhfdx.ro\/index.php\/ro\/maraton-yo-shf\/rezultate-etapa\/\"><strong>Rezultate pe etape<\/strong><\/a><\/div>\n\n\n\n<div class=\"wp-block-button is-style-outline is-style-outline--4\"><a class=\"wp-block-button__link wp-element-button\" href=\"https:\/\/www.vhfdx.ro\/index.php\/ro\/maraton-yo-shf\/rezultate-generale\/\"><strong>Rezultate Generale<\/strong><\/a><\/div>\n<\/div>\n\n\n\n<h4 class=\"wp-block-heading\">Organizatori:<\/h4>\n\n\n\n<p> YO SHF Team  <\/p>\n\n\n\n<h4 class=\"wp-block-heading\">Scopul: <\/h4>\n\n\n\n<p>Maraton YO UHF-SHF este un concurs interna\u021bional de tip \u201eOPEN\u201d, ce promoveaz\u0103 activitatea sta\u021biilor \u00een benzile 23 cm, 13 cm, 6 cm, 3 cm, 1.2 cm.<\/p>\n\n\n\n<h4 class=\"wp-block-heading\">Participanti:  <\/h4>\n\n\n\n<p>To\u021bi radioamatorii din \u021bar\u0103 \u0219i de peste hotare care posed\u0103 autoriza\u021bii valabile \u0219i care accept\u0103 prezentul regulament de concurs. <\/p>\n\n\n\n<h4 class=\"wp-block-heading\">Data concursurilor: <\/h4>\n\n\n\n<p><strong>A treia Duminic\u0103<\/strong>, \u00een fiecare lun\u0103 din intervalul <strong>Ianuarie &#8211; Decembrie 202<\/strong>6.&nbsp;<\/p>\n\n\n\n<p>Tabelul de mai jos cuprinde Calendarul activit\u0103\u021bilor \u201eMaraton YO UHF-SHF\u201d din 2026:<\/p>\n\n\n\n<figure class=\"wp-block-table is-style-stripes\"><table class=\"has-fixed-layout\"><tbody><tr><td class=\"has-text-align-center\" data-align=\"center\"><strong>Etapa<\/strong><\/td><td class=\"has-text-align-center\" data-align=\"center\"><strong>Data<\/strong><\/td><\/tr><tr><td class=\"has-text-align-center\" data-align=\"center\">1<\/td><td class=\"has-text-align-center\" data-align=\"center\">18.01.2026<\/td><\/tr><tr><td class=\"has-text-align-center\" data-align=\"center\">2<\/td><td class=\"has-text-align-center\" data-align=\"center\">15.02.2026<\/td><\/tr><tr><td class=\"has-text-align-center\" data-align=\"center\">3<\/td><td class=\"has-text-align-center\" data-align=\"center\">15.03.2026<\/td><\/tr><tr><td class=\"has-text-align-center\" data-align=\"center\">4<\/td><td class=\"has-text-align-center\" data-align=\"center\">19.04.2026<\/td><\/tr><tr><td class=\"has-text-align-center\" data-align=\"center\">5<\/td><td class=\"has-text-align-center\" data-align=\"center\">17.05.2026<\/td><\/tr><tr><td class=\"has-text-align-center\" data-align=\"center\">6<\/td><td class=\"has-text-align-center\" data-align=\"center\">21.06.2026<\/td><\/tr><tr><td class=\"has-text-align-center\" data-align=\"center\">7<\/td><td class=\"has-text-align-center\" data-align=\"center\">15.07.2026<\/td><\/tr><tr><td class=\"has-text-align-center\" data-align=\"center\">8<\/td><td class=\"has-text-align-center\" data-align=\"center\">16.08.2026<\/td><\/tr><tr><td class=\"has-text-align-center\" data-align=\"center\">9<\/td><td class=\"has-text-align-center\" data-align=\"center\">20.09.2026<\/td><\/tr><tr><td class=\"has-text-align-center\" data-align=\"center\">10<\/td><td class=\"has-text-align-center\" data-align=\"center\">18.10.2026<\/td><\/tr><tr><td class=\"has-text-align-center\" data-align=\"center\">11<\/td><td class=\"has-text-align-center\" data-align=\"center\">15.11.2026<\/td><\/tr><tr><td class=\"has-text-align-center\" data-align=\"center\">12<\/td><td class=\"has-text-align-center\" data-align=\"center\">20.12.2026<\/td><\/tr><\/tbody><\/table><\/figure>\n\n\n\n<h4 class=\"wp-block-heading\"><strong>Ore de desf\u0103\u0219urare:<\/strong><\/h4>\n\n\n\n<p>\u00centre orele <strong>07:00 &#8211; 12:00 UTC<\/strong>.<\/p>\n\n\n\n<h4 class=\"wp-block-heading\"><strong>Frecven\u021be: <\/strong><\/h4>\n\n\n\n<p>Competi\u021bia are loc \u00een banda <strong>1296 MHz<\/strong>, <strong>2300MHz<\/strong>, <strong>5700 MHz<\/strong>, <strong>10368 MHz<\/strong> , <strong>24048 Mhz<\/strong> \u00een conformitate cu planul IARU Regiunea I.<\/p>\n\n\n\n<h4 class=\"wp-block-heading\">Categorii de participare: <\/h4>\n\n\n\n<ul class=\"wp-block-list\">\n<li><strong>SINGLE <\/strong>(un singur operator)<\/li>\n\n\n\n<li><strong>MULTI <\/strong>(multi-operator) <\/li>\n<\/ul>\n\n\n\n<h4 class=\"wp-block-heading\">Moduri de lucru: <\/h4>\n\n\n\n<p><strong>  CW \/SSB\/ FM<\/strong> <\/p>\n\n\n\n<p>Cu o sta\u021bie se poate lucra o singur\u0103 dat\u0103 pe etap\u0103, indiferent de modul de lucru. O sta\u021bie poate avea un singur semnal pe band\u0103.<\/p>\n\n\n\n<h4 class=\"wp-block-heading\">Controale: <\/h4>\n\n\n\n<p><strong>RS sau RST + num\u0103r serial + QTH Locator.<\/strong>  <strong>Exemplu: 59001 KN00XX<\/strong><\/p>\n\n\n\n<p>Num\u0103rul serial reprezint\u0103 num\u0103rul de ordine al leg\u0103turii. Fiecare etap\u0103 \u00eencepe cu num\u0103rul de ordine 001.<\/p>\n\n\n\n<h4 class=\"wp-block-heading\">Calcul punctaj pe etap\u0103:<\/h4>\n\n\n\n<ul class=\"wp-block-list\">\n<li><strong>Pentru sta\u021bii YO: 1pct\/Km, f\u0103r\u0103 Multiplicatori<\/strong><\/li>\n\n\n\n<li><strong>Pentru sta\u021bii DX: 1pct\/Km x Multiplicator<\/strong><\/li>\n<\/ul>\n\n\n\n<p><strong>Multiplicator:<\/strong> 1 + (num\u0103rul careurilor YO mediu lucrate \u0219i validate). <\/p>\n\n\n\n<p><strong>Exemplu:<\/strong> statia HA8XYZ are 7 leg\u0103turi valide cu sta\u021bii YO din urm\u0103toarele locatoare: KN05PS, KN06PE, KN05NR, KN44FD, KN37GR, KN37EW \u0219i KN37FM. Multiplicatorul este 5, deoarece au fost lucrate 4 locatoare medii: KN05, KN06, KN37 si KN44.<\/p>\n\n\n\n<p>Punctajul final rezult\u0103 din \u00eenmul\u021birea multiplicatorului cu suma kilometrilor rezulta\u021bi din leg\u0103turile valide.<\/p>\n\n\n\n<h4 class=\"wp-block-heading\">Calcul punctaj clasament general:<\/h4>\n\n\n\n<p>Suma punctelor ob\u021binute pe etap\u0103, separat pentru sta\u021bii YO \u0219i DX \u0219i separat pe categorii de participare (single sau multi).<\/p>\n\n\n\n<h4 class=\"wp-block-heading\">Fi\u0219ele de concurs:<\/h4>\n\n\n\n<ul class=\"wp-block-list\">\n<li>Se \u00eentocmesc <strong>doar <\/strong>\u00een format electronic de <strong>tip EDI<\/strong>, pentru fiecare band\u0103 \u00een parte.&nbsp; <\/li>\n\n\n\n<li>Fi\u0219a de concurs trebuie s\u0103 con\u021bin\u0103 <strong>obligatoriu <\/strong>urm\u0103toarele date:<\/li>\n<\/ul>\n\n\n\n<div class=\"wp-block-group\"><div class=\"wp-block-group__inner-container is-layout-flow wp-block-group-is-layout-flow\">\n<ul class=\"wp-block-list\">\n<li>Data (<strong>TDate<\/strong>)<\/li>\n\n\n\n<li>Indicativul folosit (<strong>PCall<\/strong>) <\/li>\n\n\n\n<li>Locatorul (<strong>PWWLo<\/strong>)<\/li>\n\n\n\n<li>Categoria de participare (<strong>PSect<\/strong>)&nbsp; <strong>SINGLE sau MULTI <\/strong><\/li>\n\n\n\n<li>Frecven\u021ba de lucru (<strong>PBand<\/strong>)<\/li>\n<\/ul>\n<\/div><\/div>\n\n\n\n<p>Se vor \u00eenc\u0103rca pe site in sec\u021biunea <a href=\"https:\/\/www.vhfdx.ro\/index.php\/yo-shf-marathon\/log-upload\/\">UPLOAD <\/a>&nbsp;\u00een maxim 7 zile de la finalizarea etapei. Fi\u0219ele de concurs primite se pot vedea pe pagina cu loguri primite iar cele care au ajuns dupa acest termen vor fi folosite ca checklog. <\/p>\n\n\n\n<h4 class=\"wp-block-heading\">Contesta\u021bii: <\/h4>\n\n\n\n<p>Eventualele contesta\u021bii se vor trimite pe adresa: YOSHFMarathon@gmail.com \u0219i vor fi solu\u021bionate \u00een termen de<a> <\/a><strong>5 zile<\/strong>&nbsp; de la expirarea termenului de afi\u0219are a rezultatelor provizorii.<\/p>\n\n\n\n<h4 class=\"wp-block-heading\">Clasamente: <\/h4>\n\n\n\n<p>Clasamentele par\u021biale pentru fiecare etap\u0103 se afi\u0219eaz\u0103 dup\u0103 expirarea termenului de solu\u021bionare a contesta\u021biilor pe site-ul <strong>www.vhfdx.ro<\/strong><a href=\"http:\/\/www.shf.ro\/\"><\/a><strong> <\/strong><\/p>\n\n\n\n<h4 class=\"wp-block-heading\">Clasamente finale:<\/h4>\n\n\n\n<p>La finalul concursului se vor \u00eentocmi clasamente\npentru urm\u0103toarele categorii:<\/p>\n\n\n\n<p><strong>Sta\u021bii YO<\/strong><\/p>\n\n\n\n<ul class=\"wp-block-list\">\n<li>&#8211; 1296 MHz <strong>SINGLE<\/strong><\/li>\n\n\n\n<li>&#8211; 1296 MHz <strong>MULTI<\/strong><\/li>\n\n\n\n<li>&#8211; 2300 MHz <strong>SINGLE<\/strong><\/li>\n\n\n\n<li>&#8211; 2300MHz <strong>MULTI<\/strong><\/li>\n\n\n\n<li>&#8211; 5700 MHz <strong>SINGLE<\/strong><\/li>\n\n\n\n<li>&#8211; 5700 MHz <strong>MULTI<\/strong><\/li>\n\n\n\n<li>&#8211; 10368 MHz <strong>SINGLE<\/strong><\/li>\n\n\n\n<li>&#8211; 10368 MHz <strong>MULTI<\/strong><\/li>\n\n\n\n<li>&#8211; 24048 MHz <strong>SINGLE<\/strong><\/li>\n\n\n\n<li>&#8211; 24048 MHz <strong>MULTI<\/strong><\/li>\n<\/ul>\n\n\n\n<p><strong>Sta\u021bii DX<\/strong><\/p>\n\n\n\n<ul class=\"wp-block-list\">\n<li>&#8211; 1296 MHz <strong>SINGLE<\/strong><\/li>\n\n\n\n<li>&#8211; 1296 MHz<strong> MULTI<\/strong><\/li>\n\n\n\n<li>&#8211; 2300 MHz <strong>SINGLE<\/strong><\/li>\n\n\n\n<li>&#8211; 2300MHz <strong>MULTI<\/strong><\/li>\n\n\n\n<li>&#8211; 5700 MHz <strong>SINGLE<\/strong><\/li>\n\n\n\n<li>&#8211; 5700 MHz<strong> MULTI<\/strong><\/li>\n\n\n\n<li>&#8211; 10368 MHz <strong>SINGLE<\/strong><\/li>\n\n\n\n<li>&#8211; 10368 MHz<strong> MULTI<\/strong><\/li>\n\n\n\n<li>&#8211; 24048 MHz <strong>SINGLE<\/strong><\/li>\n\n\n\n<li>&#8211; 24048 MHz <strong>MULTI<\/strong><\/li>\n<\/ul>\n\n\n\n<div class=\"wp-block-group\"><div class=\"wp-block-group__inner-container is-layout-flow wp-block-group-is-layout-flow\"><\/div><\/div>\n\n\n\n<h4 class=\"wp-block-heading\"><strong>Diplome<\/strong><\/h4>\n\n\n\n<p>Se acord\u0103 \u00een format electronic tuturor concuren\u021bilor. <\/p>\n\n\n\n<h4 class=\"wp-block-heading\">Observa\u021bii: <\/h4>\n\n\n\n<p>Toate sta\u021biile care au trimis log intr\u0103 \u00een clasamente. La arbitrarea concursului vor fi folosite ca <strong>checklog<\/strong> toate logurile care se pot ob\u021bine de la managerii\/arbitrii concursurilor desf\u0103\u0219urate \u00een paralel. <strong>Leg\u0103turile cu sta\u021biile al c\u0103ror log nu a putut fi ob\u021binut de la ceilal\u021bi organizatori vor fi punctate astfel:<\/strong><\/p>\n\n\n\n<ul class=\"wp-block-list\">\n<li>zero puncte dac\u0103 leg\u0103tura este unic\u0103 (adic\u0103 sta\u021bia lucrat\u0103 nu se reg\u0103se\u0219te \u00een niciunul din celelalte loguri;<\/li>\n\n\n\n<li>dac\u0103 sta\u021bia lucrat\u0103 se reg\u0103se\u0219te \u00een alte loguri atunci leg\u0103tura va fi considerat\u0103 valid\u0103 dac\u0103:\n<ul class=\"wp-block-list\">\n<li>num\u0103rul serial recep\u021bionat este valid \u00een raport cu ora la care este declarat\u0103 leg\u0103tura;<\/li>\n\n\n\n<li>locatorul recep\u021bionat este identic cu cel recep\u021bionat de majoritatea sta\u021biilor care au lucrat indicativul respectiv.<\/li>\n<\/ul>\n<\/li>\n<\/ul>\n\n\n\n<p><strong>Exemple:<\/strong><\/p>\n\n\n\n<ul class=\"wp-block-list\">\n<li>sta\u021bia HA8XYZ apare \u00een 5 loguri primite. Dac\u0103 num\u0103rul serial recep\u021bionat de la HA8XYZ este \u00een ordine cresc\u0103toare \u00een raport cu ora (raportat\u0103 \u00een celelalte loguri) la care s-au efectuat leg\u0103turile, atunci leg\u0103tura este considerat\u0103 valid\u0103. <\/li>\n\n\n\n<li>Sta\u021bia HA8XYZ apare \u00een 10 loguri primite. \u00cen 8 loguri locatorul recep\u021bionat este KN06LN iar \u00een celelalte dou\u0103 loguri locatorul recep\u021bionat este diferit (ex. KN07LN). Sta\u021biile care au recep\u021bionat locatorul KN06LN vor fi considerate majoritare \u0219i li se va valida leg\u0103tura; sta\u021biile care au recep\u021bionat un locator diferit vor avea leg\u0103tura anulat\u0103 pe motiv de \u201clocator gre\u0219it\u201d.<\/li>\n<\/ul>\n\n\n\n<p>Nu se puncteaz\u0103\nleg\u0103turile la care diferen\u021ba de timp este mai mare de 5 minute.<\/p>\n\n\n\n<p>Legatura se puncteaz\u0103 cu zero puncte (pentru o statie), dac\u0103 con\u021bine una din urm\u0103toarele erori:&nbsp; <\/p>\n\n\n\n<ul class=\"wp-block-list\">\n<li>num\u0103r serial incorect<\/li>\n\n\n\n<li>QTH locator incorect<\/li>\n<\/ul>\n\n\n\n<p>sau daca statia respectiva nu a notat corect indicativul corespondentului ( \/p).<\/p>\n\n\n\n<p><strong>Verificarea fi\u0219elor de concurs \u0219i afi\u0219area rezultatelor provizorii: <\/strong><\/p>\n\n\n\n<p>Se face \u00een termen de maxim 15 zile de la expirarea termenului de primire a acestora. <\/p>\n\n\n\n<hr class=\"wp-block-separator has-css-opacity\"\/>\n\n\n\n<h4 class=\"wp-block-heading\">Preciz\u0103ri:<\/h4>\n\n\n\n<p>&#8211; Leg\u0103turile duble nu sunt penalizate, acestea\nfiind considerate nule.<\/p>\n\n\n\n<p>&#8211; Nu se depuncteaz\u0103 leg\u0103turile ale c\u0103ror numere\nseriale, din control, nu sunt consecutive.<\/p>\n\n\n\n<p>&#8211; Folosirea DX-clusterului este permis\u0103, cu excep\u0163ia trimiterii de spoturi pentru indicativul propriu. Este permis\u0103 \u0219i \u00eencurajat\u0103 organizarea leg\u0103turilor radio sked prin intermediul chatului <a href=\"http:\/\/www.on4kst.org\/\">www.on4kst.org<\/a>.<\/p>\n\n\n\n<p>&#8211; Se recomand\u0103 ca numele fi\u0219ierului generat s\u0103\nfie de forma: <\/p>\n\n\n\n<p><strong>&nbsp;&nbsp; &nbsp;&nbsp;&nbsp;&nbsp;&nbsp;&nbsp;&nbsp;&nbsp; Indicativ_luna_banda.EDI&nbsp;&nbsp;&nbsp; (exemplu YO1XYZ_4_1296.EDI )<\/strong><\/p>\n\n\n\n<hr class=\"wp-block-separator has-css-opacity\"\/>\n\n\n\n<p>73! YO3CYR &amp; YO8RHM<\/p>\n<\/div>","protected":false},"excerpt":{"rendered":"<p>Organizatori: YO SHF Team Scopul: Maraton YO UHF-SHF este un<a href=\"https:\/\/www.vhfdx.ro\/index.php\/ro\/maraton-yo-shf\/\">Read More<i class=\"fa fa-long-arrow-right\" aria-hidden=\"true\"><\/i><\/a><\/p>\n","protected":false},"author":1,"featured_media":1272,"parent":0,"menu_order":0,"comment_status":"closed","ping_status":"closed","template":"","meta":{"footnotes":""},"class_list":["post-1009","page","type-page","status-publish","has-post-thumbnail","hentry"],"_links":{"self":[{"href":"https:\/\/www.vhfdx.ro\/index.php\/wp-json\/wp\/v2\/pages\/1009","targetHints":{"allow":["GET"]}}],"collection":[{"href":"https:\/\/www.vhfdx.ro\/index.php\/wp-json\/wp\/v2\/pages"}],"about":[{"href":"https:\/\/www.vhfdx.ro\/index.php\/wp-json\/wp\/v2\/types\/page"}],"author":[{"embeddable":true,"href":"https:\/\/www.vhfdx.ro\/index.php\/wp-json\/wp\/v2\/users\/1"}],"replies":[{"embeddable":true,"href":"https:\/\/www.vhfdx.ro\/index.php\/wp-json\/wp\/v2\/comments?post=1009"}],"version-history":[{"count":27,"href":"https:\/\/www.vhfdx.ro\/index.php\/wp-json\/wp\/v2\/pages\/1009\/revisions"}],"predecessor-version":[{"id":3700,"href":"https:\/\/www.vhfdx.ro\/index.php\/wp-json\/wp\/v2\/pages\/1009\/revisions\/3700"}],"wp:featuredmedia":[{"embeddable":true,"href":"https:\/\/www.vhfdx.ro\/index.php\/wp-json\/wp\/v2\/media\/1272"}],"wp:attachment":[{"href":"https:\/\/www.vhfdx.ro\/index.php\/wp-json\/wp\/v2\/media?parent=1009"}],"curies":[{"name":"wp","href":"https:\/\/api.w.org\/{rel}","templated":true}]}}