{"id":196,"date":"2019-12-17T17:00:56","date_gmt":"2019-12-17T15:00:56","guid":{"rendered":"http:\/\/www.vhfdx.ro\/?page_id=196"},"modified":"2025-12-22T09:37:00","modified_gmt":"2025-12-22T09:37:00","slug":"vhf-uhf-ft8-activity-3","status":"publish","type":"page","link":"https:\/\/www.vhfdx.ro\/index.php\/ro\/vhf-uhf-ft8-activity-3\/","title":{"rendered":"VHF-UHF FT8 Activity"},"content":{"rendered":"<div class=\"post-content\">\n<div class=\"wp-block-buttons is-layout-flex wp-block-buttons-is-layout-flex\">\n<div class=\"wp-block-button is-style-outline is-style-outline--1\"><a class=\"wp-block-button__link wp-element-button\" href=\"https:\/\/www.vhfdx.ro\/index.php\/ro\/vhf-uhf-ft8-activity-3\/vhf-uhf-ft8-activity-incarca-log\/\"><strong><strong>\u00cencarc\u0103 log<\/strong><\/strong><\/a><\/div>\n\n\n\n<div class=\"wp-block-button is-style-outline is-style-outline--2\"><a class=\"wp-block-button__link wp-element-button\" href=\"https:\/\/www.vhfdx.ro\/index.php\/ro\/vhf-uhf-ft8-activity-3\/vhf-uhf-ft8-activity-loguri-primite-144-mhz\/\"><strong><strong>Loguri primite <\/strong><\/strong><\/a><\/div>\n\n\n\n<div class=\"wp-block-button is-style-outline is-style-outline--3\"><a class=\"wp-block-button__link wp-element-button\" href=\"https:\/\/www.vhfdx.ro\/index.php\/ro\/vhf-uhf-ft8-activity-3\/rezultate-144-mhz\/\"><strong><strong>Rezultate <\/strong>pe etape<\/strong><\/a><\/div>\n\n\n\n<div class=\"wp-block-button is-style-outline is-style-outline--4\"><a class=\"wp-block-button__link wp-element-button\" href=\"https:\/\/www.vhfdx.ro\/index.php\/ro\/vhf-uhf-ft8-activity-3\/vhf-uhf-ft8-activity-rezultate-generale-144-mhz-2021\/\"><strong><strong>Rez<\/strong>ultate Generale<\/strong><\/a><\/div>\n<\/div>\n\n\n\n<p class=\"has-vivid-red-color has-text-color has-link-color has-medium-font-size wp-elements-2d3256b040090c957463b10345066b79\"><strong>Nout\u0103\u021bi din 2024:<\/strong><\/p>\n\n\n\n<ul class=\"wp-block-list has-vivid-red-color has-text-color has-link-color wp-elements-16e07316726c655ab630fb212483327e\">\n<li><strong>Se accept\u0103 leg\u0103turi \u0219i \u00een FT4 \u00een benzile de 2m si 70cm<\/strong><\/li>\n\n\n\n<li><strong>Se acord\u0103 un (1) punct pentru fiecare indicativ lucrat (indiferent de mod)<\/strong><\/li>\n\n\n\n<li><strong>Limita pentru categoria LP (low power) \u00een 70cm este de 75w<\/strong><\/li>\n<\/ul>\n\n\n\n<h4 class=\"wp-block-heading\"><strong>Scop:<\/strong> <\/h4>\n\n\n\n<p>VHF &#8211; UHF FT8 Activity este un concurs de tip \u201cOPEN\u201d care are ca scop promovarea activit\u0103\u021bii \u00een modul digital FT8 &amp; FT4 \u00een benzile de 2m, 70 cm si 23 cm.<\/p>\n\n\n\n<p> O activitate crescut\u0103 \u00een benzile de 2m si 70 cm va oferi posibilitatea de a lucra noi locatoare, noi entit\u0103\u021bi DXCC sau studia tipuri diferite de propag\u0103ri care \u00een lipsa activit\u0103\u021bii pot trece neobservate .<\/p>\n\n\n\n<h4 class=\"wp-block-heading\"><strong>Cine poate participa?<\/strong> <\/h4>\n\n\n\n<p>Orice radioamator cu autoriza\u021bie valid\u0103, care accept\u0103 prevederile prezentului regulament.<\/p>\n\n\n\n<h4 class=\"wp-block-heading\"><strong>Perioada de desfasurare<\/strong>: <\/h4>\n\n\n\n<p>\u00a0Ianuarie &#8211; Decembrie 2026:<\/p>\n\n\n\n<p><strong>Prima zi de Miercuri<\/strong> a fiec\u0103rei luni pentru banda de  2m (FT8:144.174 MHz ; FT4:144.170 MHz )<\/p>\n\n\n\n<p> <strong>A doua zi de Miercuri<\/strong> a fiec\u0103rei luni pentru banda de 70cm (FT8: 432.174 MHz; FT4 432.170MHz)<\/p>\n\n\n\n<p><strong>A treia zi de Miercuri<\/strong> a fiecarei luni pentru banda de 23 cm (in functie de mod)&nbsp;&nbsp;&nbsp;<\/p>\n\n\n\n<figure class=\"wp-block-table aligncenter is-style-stripes\">\n    <table class=\"\">\n        <thead>\n            <tr>\n                <th style=\"width:150px\" class=\"has-text-align-center\" data-align=\"center\"> Round <\/th>\n                <th style=\"width:130px\" class=\"has-text-align-center\" data-align=\"center\"> 144 MHz <\/th>\n                <th style=\"width:130px\" class=\"has-text-align-center\" data-align=\"center\"> 432 Mhz <\/th>\n                <th style=\"width:130px\" class=\"has-text-align-center\" data-align=\"center\"> 1296 Mhz <\/th>\n\n            <\/tr>\n        <\/thead>\n        <tbody>\n            <tr>\n                <th style=\"width:100px\" class=\"has-text-align-center\" data-align=\"center\" scope=\"row\"> Round 1 <\/th>\n                <td style=\"width:100px\" class=\"has-text-align-center\" data-align=\"center\"> Jan 7 <\/td>\n                <td style=\"width:100px\" class=\"has-text-align-center\" data-align=\"center\"> Jan 14 <\/td>\n                <td style=\"width:100px\" class=\"has-text-align-center\" data-align=\"center\"> Jan 21 <\/td>\n            <\/tr>\n            <tr>\n                <th style=\"width:100px\" class=\"has-text-align-center\" data-align=\"center\" scope=\"row\"> Round 2 <\/th>\n                <td style=\"width:100px\" class=\"has-text-align-center\" data-align=\"center\"> Feb 4 <\/td>\n                <td style=\"width:100px\" class=\"has-text-align-center\" data-align=\"center\"> Feb 11 <\/td>\n                <td style=\"width:100px\" class=\"has-text-align-center\" data-align=\"center\"> Feb 18 <\/td>\n            <\/tr>\n            <tr>\n                <th style=\"width:100px\" class=\"has-text-align-center\" data-align=\"center\" scope=\"row\"> Round 3 <\/th>\n                <td style=\"width:100px\" class=\"has-text-align-center\" data-align=\"center\"> Mar 4 <\/td>\n                <td style=\"width:100px\" class=\"has-text-align-center\" data-align=\"center\"> Mar 11 <\/td>\n                <td style=\"width:100px\" class=\"has-text-align-center\" data-align=\"center\"> Mar 18 <\/td>\n            <\/tr>\n            <tr>\n                <th style=\"width:100px\" class=\"has-text-align-center\" data-align=\"center\" scope=\"row\"> Round 4 <\/th>\n                <td style=\"width:100px\" class=\"has-text-align-center\" data-align=\"center\"> Apr 1 <\/td>\n                <td style=\"width:100px\" class=\"has-text-align-center\" data-align=\"center\"> Apr 8 <\/td>\n                <td style=\"width:100px\" class=\"has-text-align-center\" data-align=\"center\"> Apr 15 <\/td>\n            <\/tr>\n            <tr>\n                <th style=\"width:100px\" class=\"has-text-align-center\" data-align=\"center\" scope=\"row\"> Round 5 <\/th>\n                <td style=\"width:100px\" class=\"has-text-align-center\" data-align=\"center\"> Mai 6 <\/td>\n                <td style=\"width:100px\" class=\"has-text-align-center\" data-align=\"center\"> Mai 13 <\/td>\n                <td style=\"width:100px\" class=\"has-text-align-center\" data-align=\"center\"> Mai 20 <\/td>\n            <\/tr>\n            <tr>\n                <th style=\"width:100px\" class=\"has-text-align-center\" data-align=\"center\" scope=\"row\"> Round 6 <\/th>\n                <td style=\"width:100px\" class=\"has-text-align-center\" data-align=\"center\"> Iunie 3 <\/td>\n                <td style=\"width:100px\" class=\"has-text-align-center\" data-align=\"center\"> Iunie 10 <\/td>\n                <td style=\"width:100px\" class=\"has-text-align-center\" data-align=\"center\"> Iunie 17 <\/td>\n            <\/tr>\n            <tr>\n                <th style=\"width:100px\" class=\"has-text-align-center\" data-align=\"center\" scope=\"row\"> Round 7 <\/th>\n                <td style=\"width:100px\" class=\"has-text-align-center\" data-align=\"center\"> Iulie 1 <\/td>\n                <td style=\"width:100px\" class=\"has-text-align-center\" data-align=\"center\"> Iulie 8 <\/td>\n                <td style=\"width:100px\" class=\"has-text-align-center\" data-align=\"center\"> Iulie 15 <\/td>\n            <\/tr>\n            <tr>\n                <th style=\"width:100px\" class=\"has-text-align-center\" data-align=\"center\" scope=\"row\"> Round 8 <\/th>\n                <td style=\"width:100px\" class=\"has-text-align-center\" data-align=\"center\"> Aug 5 <\/td>\n                <td style=\"width:100px\" class=\"has-text-align-center\" data-align=\"center\"> Aug 12 <\/td>\n                <td style=\"width:100px\" class=\"has-text-align-center\" data-align=\"center\"> Aug 19 <\/td>\n            <\/tr>\n            <tr>\n                <th style=\"width:100px\" class=\"has-text-align-center\" data-align=\"center\" scope=\"row\"> Round 9 <\/th>\n                <td style=\"width:100px\" class=\"has-text-align-center\" data-align=\"center\"> Sep 5 <\/td>\n                <td style=\"width:100px\" class=\"has-text-align-center\" data-align=\"center\"> Sep 12 <\/td>\n                <td style=\"width:100px\" class=\"has-text-align-center\" data-align=\"center\"> Sep 19 <\/td>\n            <\/tr>\n            <tr>\n                <th style=\"width:100px\" class=\"has-text-align-center\" data-align=\"center\" scope=\"row\"> Round 10 <\/th>\n                <td style=\"width:100px\" class=\"has-text-align-center\" data-align=\"center\"> Oct 7 <\/td>\n                <td style=\"width:100px\" class=\"has-text-align-center\" data-align=\"center\"> Oct 14 <\/td>\n                <td style=\"width:100px\" class=\"has-text-align-center\" data-align=\"center\"> Oct 21 <\/td>\n            <\/tr>\n            <tr>\n                <th style=\"width:100px\" class=\"has-text-align-center\" data-align=\"center\" scope=\"row\"> Round 11 <\/th>\n                <td style=\"width:100px\" class=\"has-text-align-center\" data-align=\"center\"> Nov 4 <\/td>\n                <td style=\"width:100px\" class=\"has-text-align-center\" data-align=\"center\"> Nov 11 <\/td>\n                <td style=\"width:100px\" class=\"has-text-align-center\" data-align=\"center\"> Nov 18 <\/td>\n            <\/tr>\n            <tr>\n                <th style=\"width:100px\" class=\"has-text-align-center\" data-align=\"center\" scope=\"row\"> Round 12 <\/th>\n                <td style=\"width:100px\" class=\"has-text-align-center\" data-align=\"center\"> Dec 2 <\/td>\n                <td style=\"width:100px\" class=\"has-text-align-center\" data-align=\"center\"> Dec 9 <\/td>\n                <td style=\"width:100px\" class=\"has-text-align-center\" data-align=\"center\"> Dec 16 <\/td>\n            <\/tr>\n        <\/tbody>\n    <\/table>\n<\/figure>\n\n\n\n<h4 class=\"wp-block-heading\"> <strong>Interval orar:<\/strong> <\/h4>\n\n\n\n<p>17:00 &#8211; 21:00 UTC&nbsp;&nbsp;&nbsp;&nbsp;&nbsp;&nbsp;&nbsp;&nbsp;&nbsp;&nbsp;&nbsp;&nbsp;&nbsp;&nbsp;&nbsp;&nbsp;&nbsp;&nbsp;&nbsp;&nbsp;&nbsp;&nbsp;&nbsp;&nbsp;&nbsp;&nbsp;&nbsp;&nbsp;<\/p>\n\n\n\n<h4 class=\"wp-block-heading\"> <strong>Mod:<\/strong> <\/h4>\n\n\n\n<p>          2m: FT8 144.174 MHz FT4: 144.170 MHz<\/p>\n\n\n\n<p>          70 cm FT8 432.174 MHz FT4: 432.170 MHz<\/p>\n\n\n\n<p>&nbsp;&nbsp;&nbsp;&nbsp;&nbsp;&nbsp;&nbsp;&nbsp; 23 cm : FT8 sau orice alt mod digital<\/p>\n\n\n\n<h4 class=\"wp-block-heading\"> <strong>Categorii de participan\u021bi <\/strong>: <\/h4>\n\n\n\n<p> &nbsp;&nbsp;&nbsp;&nbsp;&nbsp;&nbsp;&nbsp;&nbsp;&nbsp;&nbsp;&nbsp;&nbsp;&nbsp;&nbsp;&nbsp;&nbsp;&nbsp;&nbsp;&nbsp;&nbsp;&nbsp;&nbsp;&nbsp; <strong>LP<\/strong> = Putere mica.   2m &lt; 100 watts<\/p>\n\n\n\n<p>&nbsp;&nbsp;&nbsp;&nbsp;&nbsp;&nbsp;&nbsp;&nbsp;&nbsp;&nbsp;&nbsp;&nbsp;&nbsp;&nbsp;&nbsp;&nbsp;&nbsp;&nbsp;&nbsp;&nbsp;&nbsp;&nbsp;&nbsp;&nbsp;&nbsp;&nbsp;&nbsp;&nbsp;&nbsp; &nbsp; &nbsp; &nbsp; &nbsp; &nbsp; &nbsp; &nbsp; &nbsp; &nbsp; &nbsp; &nbsp;&nbsp; &nbsp;&nbsp; 70cm &lt; 75 watts&nbsp;<\/p>\n\n\n\n<p>&nbsp;&nbsp;&nbsp;&nbsp;&nbsp;&nbsp;&nbsp;&nbsp;&nbsp;&nbsp;&nbsp;&nbsp;&nbsp;&nbsp;&nbsp;&nbsp;&nbsp;&nbsp;&nbsp;&nbsp;&nbsp;&nbsp;&nbsp;&nbsp;&nbsp;&nbsp;&nbsp; &nbsp; &nbsp; &nbsp; &nbsp; &nbsp; &nbsp; &nbsp; &nbsp; &nbsp; &nbsp; &nbsp;&nbsp; &nbsp;&nbsp; &nbsp; 23 cm &lt;10 watts<\/p>\n\n\n\n<p> &nbsp;&nbsp;&nbsp;&nbsp;&nbsp;&nbsp;&nbsp;&nbsp;&nbsp;&nbsp;&nbsp;&nbsp;&nbsp;&nbsp;&nbsp;&nbsp;&nbsp;&nbsp;&nbsp;&nbsp;&nbsp;&nbsp;&nbsp; <strong>HP<\/strong> = Putere Mare. <\/p>\n\n\n\n<p><\/p>\n\n\n\n<h4 class=\"wp-block-heading\"><strong>Controale : <\/strong><\/h4>\n\n\n\n<p>Indicativul \u0219i primele 4 caractere din locator (4 caractere, ex:. KN15).<\/p>\n\n\n\n<h4 class=\"wp-block-heading\"> <strong>Multiplicator:<\/strong> <\/h4>\n\n\n\n<p>Multiplicatorul este suma locatoarelor unice lucrate.<\/p>\n\n\n\n<h4 class=\"wp-block-heading\"> <strong>Puntaj:<\/strong> <\/h4>\n\n\n\n<p> Se acord\u0103 un (1) punct pentru fiecare indicativ lucrat (indiferent de mod). Scorul final este produsul dintre num\u0103rul de indicative \u0219i num\u0103rul de careuri mari (Ex KN05) diferite. Se vor puncta toate leg\u0103turile validate prin verificarea \u00eencuci\u0219at\u0103 a logurilor primite (indicativ, locator). De asemeni vor fi punctate \u0219i leg\u0103turile cu o sta\u021bie care nu a trimis logul, dac\u0103 respectiva sta\u021bie se reg\u0103se\u0219te \u00een minim dou\u0103 loguri primite, iar \u00een majoritatea simpl\u0103 a logurilor primite, sta\u021bia \u00een cauz\u0103 figureaz\u0103 cu acela\u0219i locator. Dac\u0103 un indicativ apare \u00eentr-un singur log, acesta este \u201eunic\u201d \u0219i va fi punctat. In aceste cazuri pot fi cerute dovezi suplimentare (ALL.TXT, decode history).<\/p>\n\n\n\n<p>V\u0103 rug\u0103m s\u0103 ne ajuta\u021bi s\u0103 valid\u0103m c\u00e2t mai multe leg\u0103turi! Trimite\u021bi regulamentul la c\u00e2t mai multe sta\u021bii cu care a\u021bi lucrat! <\/p>\n\n\n\n<h4 class=\"wp-block-heading\"> <strong>Log-uri:<\/strong> <\/h4>\n\n\n\n<p>Se accept\u0103 doar \u00een format electronic .adif.<\/p>\n\n\n\n<p>Logurile trebuie \u00eenc\u0103rcate \u00een maxim 5 (cinci) zile de la terminarea fiecarei etape. Logurile sosite dup\u0103 termenul limit\u0103 nu vor mai intra \u00een clasament, dar pot fi folosite ca \u0219i check-log. Lista logurilor primite este disponibil\u0103 la adresa:<a href=\"http:\/\/www.vhfdx.ro\/index.php\/ro\/vhf-uhf-ft8-activity\/vhf-uhf-ft8-activity-loguri-primite\/\"> http:\/\/www.vhfdx.ro\/index.php\/ro\/vhf-uhf-ft8-activity\/vhf-uhf-ft8-activity-loguri-primite\/<\/a><\/p>\n\n\n\n<h4 class=\"wp-block-heading\"><strong> Rezultate pe etape \u0219i Clasamentul General:<\/strong><\/h4>\n\n\n\n<p>Vor fi publicate rezultatele pe fiecare etap\u0103 \u0219i va fi publicat \u0219i Clasamentul General. \u00cen Clasamentul General vor fi luate \u00een calcul doar cele mai bune 8 etape din 12. <\/p>\n\n\n\n<h4 class=\"wp-block-heading\"> <strong>Rezultatele finale:<\/strong><\/h4>\n\n\n\n<p><strong> <\/strong>Rezultatele finale vor fi postate dup\u0103 data de 20 decembrie pentru urm\u0103toarele categorii:<\/p>\n\n\n\n<p> &nbsp;&#8211; 144 MHz LP Individual  &#8211; Clasament General si pe entitati DXCC,<\/p>\n\n\n\n<p> &#8211; 144 MHz HP  Individual  &#8211; Clasament General si pe entitati DXCC, <\/p>\n\n\n\n<p>  &#8211; 432 MHz LP  Individual  &#8211; Clasament General si pe entitati DXCC, <\/p>\n\n\n\n<p> &#8211; 432 MHz HP  Individual  &#8211; Clasament General si pe entitati DXCC, <\/p>\n\n\n\n<p> -1296 LP Individual \u2013 Clasament General si pe entitati DXCC,<\/p>\n\n\n\n<p> -1296 HP Individual \u2013 Clasament General si pe entitati DXCC,<\/p>\n\n\n\n<h4 class=\"wp-block-heading\"> <strong>Note:<\/strong><\/h4>\n\n\n\n<p>Trebuie folosit modul standard FT8 (set\u0103rile generale \/ pentru DX). Nu folosi\u021bi modul de concurs (VHF Contest Mode)!<\/p>\n\n\n\n<p> Folosirea semnalelor multiple \u00een band\u0103 (fox mode sau similar) este interzis\u0103.<\/p>\n\n\n\n<p>QSO-urile duble nu vor fi penalizate, ele se vor contoriza o singur\u0103 dat\u0103.<\/p>\n\n\n\n<p> Folosirea DX cluster-ului este permis\u0103, dar este interzis\u0103 autopostarea .<\/p>\n\n\n\n<p> Este permis\u0103 folosirea chat-ului ON4KST, pentru stabilirea de sked-uri.<\/p>\n\n\n\n<p> Exemple de comunic\u0103ri inacceptabile pe chat:<\/p>\n\n\n\n<p> &#8211; &#8220;Mai am nevoie de RRRR..&#8221;;<\/p>\n\n\n\n<p> &#8211; &#8220;Controlul tau este -19dB&#8221;; (\u00een timpul unui qso)<\/p>\n\n\n\n<p>Asociatia QSO BANAT Timisoara, YO2KQT<\/p>\n\n\n<p><!--EndFragment--><\/p>\n\n\n<p><\/p>\n<\/div>","protected":false},"excerpt":{"rendered":"<p>Nout\u0103\u021bi din 2024: Scop: VHF &#8211; UHF FT8 Activity este<a href=\"https:\/\/www.vhfdx.ro\/index.php\/ro\/vhf-uhf-ft8-activity-3\/\">Read More<i class=\"fa fa-long-arrow-right\" aria-hidden=\"true\"><\/i><\/a><\/p>\n","protected":false},"author":1,"featured_media":1277,"parent":0,"menu_order":0,"comment_status":"closed","ping_status":"closed","template":"","meta":{"footnotes":""},"class_list":["post-196","page","type-page","status-publish","has-post-thumbnail","hentry"],"_links":{"self":[{"href":"https:\/\/www.vhfdx.ro\/index.php\/wp-json\/wp\/v2\/pages\/196","targetHints":{"allow":["GET"]}}],"collection":[{"href":"https:\/\/www.vhfdx.ro\/index.php\/wp-json\/wp\/v2\/pages"}],"about":[{"href":"https:\/\/www.vhfdx.ro\/index.php\/wp-json\/wp\/v2\/types\/page"}],"author":[{"embeddable":true,"href":"https:\/\/www.vhfdx.ro\/index.php\/wp-json\/wp\/v2\/users\/1"}],"replies":[{"embeddable":true,"href":"https:\/\/www.vhfdx.ro\/index.php\/wp-json\/wp\/v2\/comments?post=196"}],"version-history":[{"count":37,"href":"https:\/\/www.vhfdx.ro\/index.php\/wp-json\/wp\/v2\/pages\/196\/revisions"}],"predecessor-version":[{"id":3663,"href":"https:\/\/www.vhfdx.ro\/index.php\/wp-json\/wp\/v2\/pages\/196\/revisions\/3663"}],"wp:featuredmedia":[{"embeddable":true,"href":"https:\/\/www.vhfdx.ro\/index.php\/wp-json\/wp\/v2\/media\/1277"}],"wp:attachment":[{"href":"https:\/\/www.vhfdx.ro\/index.php\/wp-json\/wp\/v2\/media?parent=196"}],"curies":[{"name":"wp","href":"https:\/\/api.w.org\/{rel}","templated":true}]}}