{"id":223,"date":"2019-12-17T17:31:51","date_gmt":"2019-12-17T15:31:51","guid":{"rendered":"http:\/\/www.vhfdx.ro\/?page_id=223"},"modified":"2021-01-06T21:23:58","modified_gmt":"2021-01-06T21:23:58","slug":"vhf-uhf-ft8-activity-incarca-log","status":"publish","type":"page","link":"https:\/\/www.vhfdx.ro\/index.php\/ro\/vhf-uhf-ft8-activity-3\/vhf-uhf-ft8-activity-incarca-log\/","title":{"rendered":"VHF-UHF FT8 Activity &#8211; \u00cencarc\u0103 log"},"content":{"rendered":"<div class=\"post-content\">\n<div class=\"wp-block-buttons is-layout-flex wp-block-buttons-is-layout-flex\">\n<div class=\"wp-block-button is-style-outline is-style-outline--1\"><a class=\"wp-block-button__link\" href=\"https:\/\/www.vhfdx.ro\/index.php\/ro\/vhf-uhf-ft8-activity-3\/\"><strong>Regulament<\/strong><\/a><\/div>\n\n\n\n<div class=\"wp-block-button is-style-outline is-style-outline--2\"><a class=\"wp-block-button__link\" href=\"https:\/\/www.vhfdx.ro\/index.php\/ro\/vhf-uhf-ft8-activity-3\/vhf-uhf-ft8-activity-loguri-primite-144-mhz\/\"><strong>Loguri primite 144 MHz<\/strong><\/a><\/div>\n\n\n\n<div class=\"wp-block-button is-style-outline is-style-outline--3\"><a class=\"wp-block-button__link\" href=\"https:\/\/www.vhfdx.ro\/index.php\/ro\/vhf-uhf-ft8-activity-3\/vhf-uhf-ft8-activity-loguri-primite\/\"><strong><strong>Loguri primite 432 MHz<\/strong><\/strong><\/a><\/div>\n<\/div>\n\n\n\n<p>Pute\u021bi \u00eenc\u0103rca \u00eentreg fi\u0219ierul din directorul WSJT\/JTDX. Robotul va selecta leg\u0103turile valide pentru etapa \/ banda actual\u0103.<\/p>\n\n\n\n<p>De obicei, logul se afl\u0103 \u00een loca\u021bia: &#8220;C:\\Users\\&lt;user&gt;\\AppData\\Local\\WSJT-X (sau JTDX)&#8221;.<\/p>\n\n\n\n<p>Deasemenea pute\u021bi intra \u00een softul cu care a\u021bi lucrat \u00een activitate, si la meniul File g\u0103si\u021bi &#8220;Open Log Directory&#8221;. De aici copia\u021bi fi\u0219ierul wsjtx_log.adi pe Desktop \u0219i \u00eenc\u0103rca\u021bi de acolo.<\/p>\n\n\n\n<p>Indicativul, locatorul \u0219i categoria se selecteaz\u0103 dup\u0103 \u00eenc\u0103rcarea logului.<\/p>\n\n\n\n<h2 class=\"wp-block-heading\"><\/h2>\n\n\n\n<style>\n       .errordiv { padding:10px; margin:10px; border: 1px solid #555555;color: #000000;background-color: #f8f8f8; width:500px; }#advanced_iframe {visibility:visible;opacity:1;vertical-align:top;}.ai-info-bottom-iframe { position: fixed; z-index: 10000; bottom:0; left: 0; margin: 0px; text-align: center; width: 100%; background-color: #ff9999; padding-left: 5px;padding-bottom: 5px; border-top: 1px solid #aaa } a.ai-bold {font-weight: bold;}#ai-layer-div-advanced_iframe p {height:100%;margin:0;padding:0}<\/style><script type=\"text\/javascript\">var ai_iframe_width_advanced_iframe = 0;var ai_iframe_height_advanced_iframe = 0;function aiReceiveMessageadvanced_iframe(event) {    if (console && console.log) {      try {        var jsObject = JSON.parse(event.data);        if  (jsObject.aitype !== \"debug\") {          console.log(\"Advanced iframe: postMessage received: \" + event.data + \" - origin: \" + event.origin);        }      } catch(e) {}    }  aiProcessMessage(event,\"advanced_iframe\", \"debug\",\"\",\"false\",\"false\");}if (window.addEventListener) {  window.addEventListener(\"message\", aiReceiveMessageadvanced_iframe);} else if (el.attachEvent)  {  el.attachEvent(\"message\", aiReceiveMessageadvanced_iframe);}var aiOnloadScrollTop=\"true\";var aiShowDebug=false;\n\t\tif (typeof aiReadyCallbacks === 'undefined') {\n\t\t\tvar aiReadyCallbacks = [];\n\t\t} else if (!(aiReadyCallbacks instanceof Array)) {\n\t\t\tvar aiReadyCallbacks = [];\n\t\t}    function aiShowIframeId(id_iframe) { jQuery(\"#\"+id_iframe).css(\"visibility\", \"visible\");    }    function aiResizeIframeHeight(height) { aiResizeIframeHeight(height,advanced_iframe); }    function aiResizeIframeHeightId(height,width,id) {aiResizeIframeHeightById(id,height);}<\/script><iframe id=\"advanced_iframe\"  name=\"advanced_iframe\"  src=\"https:\/\/ft8activity.vhfdx.ro\"  width=\"100%\"  height=\"600\"  frameborder=\"0\"  border=\"0\"  allowtransparency=\"true\"  loading=\"lazy\"  style=\";border-width: 0px;;border: none;;width:100%;;height:600px;\" ><\/iframe><script type=\"text\/javascript\">var ifrm_advanced_iframe = document.getElementById(\"advanced_iframe\");var hiddenTabsDoneadvanced_iframe = false;\nfunction resizeCallbackadvanced_iframe() {}<\/script><script type=\"text\/javascript\"><\/script>\n<\/div>","protected":false},"excerpt":{"rendered":"<p>Pute\u021bi \u00eenc\u0103rca \u00eentreg fi\u0219ierul din directorul WSJT\/JTDX. Robotul va selecta<a href=\"https:\/\/www.vhfdx.ro\/index.php\/ro\/vhf-uhf-ft8-activity-3\/vhf-uhf-ft8-activity-incarca-log\/\">Read More<i class=\"fa fa-long-arrow-right\" aria-hidden=\"true\"><\/i><\/a><\/p>\n","protected":false},"author":1,"featured_media":135,"parent":196,"menu_order":0,"comment_status":"closed","ping_status":"closed","template":"","meta":{"footnotes":""},"class_list":["post-223","page","type-page","status-publish","has-post-thumbnail","hentry"],"_links":{"self":[{"href":"https:\/\/www.vhfdx.ro\/index.php\/wp-json\/wp\/v2\/pages\/223","targetHints":{"allow":["GET"]}}],"collection":[{"href":"https:\/\/www.vhfdx.ro\/index.php\/wp-json\/wp\/v2\/pages"}],"about":[{"href":"https:\/\/www.vhfdx.ro\/index.php\/wp-json\/wp\/v2\/types\/page"}],"author":[{"embeddable":true,"href":"https:\/\/www.vhfdx.ro\/index.php\/wp-json\/wp\/v2\/users\/1"}],"replies":[{"embeddable":true,"href":"https:\/\/www.vhfdx.ro\/index.php\/wp-json\/wp\/v2\/comments?post=223"}],"version-history":[{"count":9,"href":"https:\/\/www.vhfdx.ro\/index.php\/wp-json\/wp\/v2\/pages\/223\/revisions"}],"predecessor-version":[{"id":2738,"href":"https:\/\/www.vhfdx.ro\/index.php\/wp-json\/wp\/v2\/pages\/223\/revisions\/2738"}],"up":[{"embeddable":true,"href":"https:\/\/www.vhfdx.ro\/index.php\/wp-json\/wp\/v2\/pages\/196"}],"wp:featuredmedia":[{"embeddable":true,"href":"https:\/\/www.vhfdx.ro\/index.php\/wp-json\/"}],"wp:attachment":[{"href":"https:\/\/www.vhfdx.ro\/index.php\/wp-json\/wp\/v2\/media?parent=223"}],"curies":[{"name":"wp","href":"https:\/\/api.w.org\/{rel}","templated":true}]}}