{"id":245,"date":"2019-12-17T19:34:52","date_gmt":"2019-12-17T17:34:52","guid":{"rendered":"http:\/\/www.vhfdx.ro\/?page_id=245"},"modified":"2025-12-22T11:36:08","modified_gmt":"2025-12-22T11:36:08","slug":"concursul-uhf-shf-muntii-carpati","status":"publish","type":"page","link":"https:\/\/www.vhfdx.ro\/index.php\/ro\/concursul-uhf-shf-muntii-carpati\/","title":{"rendered":"Concursul Carpa\u021bi UHF-SHF"},"content":{"rendered":"<div class=\"post-content\">\n<div class=\"wp-block-buttons is-layout-flex wp-block-buttons-is-layout-flex\">\n<div class=\"wp-block-button is-style-outline is-style-outline--1\"><a class=\"wp-block-button__link wp-element-button\" href=\"https:\/\/www.vhfdx.ro\/index.php\/ro\/concursul-uhf-shf-muntii-carpati\/concursul-carpati-uhf-shf-incarca-log\/\"><strong>\u00cencarc\u0103 Log<\/strong><\/a><\/div>\n\n\n\n<div class=\"wp-block-button is-style-outline is-style-outline--2\"><a class=\"wp-block-button__link wp-element-button\" href=\"https:\/\/www.vhfdx.ro\/index.php\/ro\/concursul-uhf-shf-muntii-carpati\/concursul-carpati-uhf-shf-loguri-primite\/\"><strong>Loguri Primite<\/strong><\/a><\/div>\n\n\n\n<div class=\"wp-block-button is-style-outline is-style-outline--3\"><a class=\"wp-block-button__link wp-element-button\" href=\"https:\/\/www.vhfdx.ro\/index.php\/ro\/concursul-uhf-shf-muntii-carpati\/concursul-carpati-uhf-shf-rezultate-generale-2020\/\"><strong>Rezultate Generale<\/strong><\/a><\/div>\n\n\n\n<div class=\"wp-block-button is-style-outline is-style-outline--4\"><a class=\"wp-block-button__link wp-element-button\" href=\"https:\/\/www.vhfdx.ro\/index.php\/ro\/concursul-uhf-shf-muntii-carpati\/concursul-carpati-uhf-shf-rezultate-yo-2020\/\"><strong>Rezultate YO<\/strong><\/a><\/div>\n\n\n\n<div class=\"wp-block-button is-style-outline is-style-outline--5\"><a class=\"wp-block-button__link wp-element-button\" href=\"https:\/\/www.vhfdx.ro\/index.php\/ro\/concursul-uhf-shf-muntii-carpati\/arhiva-rezultate\/\"><strong>Arhiv\u0103 Rezultate<\/strong><\/a><\/div>\n<\/div>\n\n\n\n<h4 class=\"wp-block-heading\"><strong>Perioada<\/strong> :<\/h4>\n\n\n\n<p>Concursul UHF-SHF Carpa\u021bi se va desf\u0103\u0219ura \u00een paralel cu concursul &#8220;Alpe Adria&#8221;, \u00een a treia Duminic\u0103 a lunii Iunie, de la 07.00 UTC -14.59 UTC.<\/p>\n\n\n\n<p>Pentru 2026: <strong>21 Iunie<\/strong>.<\/p>\n\n\n\n<h4 class=\"wp-block-heading\"><strong>Benzi<\/strong>:<\/h4>\n\n\n\n<p>  432 MHz, 1296 MHz &amp; 2320 MHz <\/p>\n\n\n\n<h4 class=\"wp-block-heading\"><strong>Moduri de lucru<\/strong>:<\/h4>\n\n\n\n<p> CW, SSB \u0219i FM pe segmentele de band\u0103 corespunz\u0103toare conform planului IARU Regiunea 1<\/p>\n\n\n\n<h4 class=\"wp-block-heading\"><strong>Categorii<\/strong>:<\/h4>\n\n\n\n<ul class=\"wp-block-list\">\n<li>70cm (432MHz) LP (&lt;75w)<\/li>\n\n\n\n<li>70cm (432MHz) HP (>75w)<\/li>\n\n\n\n<li> 23 cm (1,2 GHz)<\/li>\n\n\n\n<li>13 cm (2,3GHz)<\/li>\n<\/ul>\n\n\n\n<p>Nu exist\u0103 categorii separate pentru SO \u0219i MO.<\/p>\n\n\n\n<h4 class=\"wp-block-heading\"><strong>Controale<\/strong>:<\/h4>\n\n\n\n<p> RS(T) + 001(serial cresc\u0103tor separat pe fiecare band\u0103) + WW QTH locator<\/p>\n\n\n\n<h4 class=\"wp-block-heading\"><strong>Punctaj<\/strong>:<\/h4>\n\n\n\n<p>1 km = 1 punct<\/p>\n\n\n\n<h4 class=\"wp-block-heading\"><strong>Scor<\/strong>: <\/h4>\n\n\n\n<p>Suma punctelor din leg\u0103turi, separat pe fiecare band\u0103<\/p>\n\n\n\n<h4 class=\"wp-block-heading\"><strong>Loguri<\/strong>: <\/h4>\n\n\n\n<p>Numai \u00een format .<strong>EDI<\/strong>, \u00een maxim 15 de zile dup\u0103 concurs, \u00een sec\u021biunea &#8220;<a href=\"https:\/\/www.vhfdx.ro\/index.php\/ro\/concursul-uhf-shf-muntii-carpati\/concursul-carpati-uhf-shf-incarca-log\/\">UPLOAD<\/a> <a href=\"https:\/\/www.vhfdx.ro\/index.php\/ro\/concursul-uhf-shf-muntii-carpati\/concursul-carpati-uhf-shf-incarca-log\/\">LOG<\/a>&#8221; al concursului.<\/p>\n\n\n\n<p>Se creeaz\u0103 c\u00e2te un fi\u0219ier EDI pentru fiecare band\u0103, iar numele fi\u0219ierului trebuie s\u0103 con\u021bin\u0103 indicativul \u0219i banda, de exemplu YO5AAA_P_432.edi. Preluarea \u0219i corectitudinea lui poate fi verificat\u0103 \u00een pagina <strong><a href=\"https:\/\/www.vhfdx.ro\/index.php\/ro\/concursul-uhf-shf-muntii-carpati\/concursul-carpati-uhf-shf-loguri-primite\/\">Loguri Primite<\/a><\/strong><\/p>\n\n\n\n<p>La arbitrare se vor folosi \u0219i logurile disponibile ale sta\u021biilor participante la competi\u021biile organizate \u00een alte \u021b\u0103ri \u00een aceea\u0219i perioad\u0103. Deasemenea se vor construi loguri robot pentru celelalte sta\u021bii. Leg\u0103turile unice (indicative care apar o singur\u0103 dat\u0103 \u00een toate logurile folosite) nu se puncteaz\u0103.<\/p>\n\n\n\n<h4 class=\"wp-block-heading\"><strong>Clasamente\/premii:&nbsp;<\/strong><\/h4>\n\n\n\n<p>Se realizeaz\u0103 clasamente generale separate pentru fiecare categorie \u0219i band\u0103. Primii 3 clasa\u021bi primesc diplome.<\/p>\n\n\n\n<p>Deasemenea se realizeaz\u0103 clasamentul sta\u021biilor YO pentru fiecare categorie \u0219i  band\u0103. <\/p>\n\n\n\n<p>Asocia\u021bia QSO BANAT Timi\u0219oara \u2013 YO2KQT<\/p>\n<\/div>","protected":false},"excerpt":{"rendered":"<p>Perioada : Concursul UHF-SHF Carpa\u021bi se va desf\u0103\u0219ura \u00een paralel<a href=\"https:\/\/www.vhfdx.ro\/index.php\/ro\/concursul-uhf-shf-muntii-carpati\/\">Read More<i class=\"fa fa-long-arrow-right\" aria-hidden=\"true\"><\/i><\/a><\/p>\n","protected":false},"author":1,"featured_media":1306,"parent":0,"menu_order":0,"comment_status":"closed","ping_status":"closed","template":"","meta":{"footnotes":""},"class_list":["post-245","page","type-page","status-publish","has-post-thumbnail","hentry"],"_links":{"self":[{"href":"https:\/\/www.vhfdx.ro\/index.php\/wp-json\/wp\/v2\/pages\/245","targetHints":{"allow":["GET"]}}],"collection":[{"href":"https:\/\/www.vhfdx.ro\/index.php\/wp-json\/wp\/v2\/pages"}],"about":[{"href":"https:\/\/www.vhfdx.ro\/index.php\/wp-json\/wp\/v2\/types\/page"}],"author":[{"embeddable":true,"href":"https:\/\/www.vhfdx.ro\/index.php\/wp-json\/wp\/v2\/users\/1"}],"replies":[{"embeddable":true,"href":"https:\/\/www.vhfdx.ro\/index.php\/wp-json\/wp\/v2\/comments?post=245"}],"version-history":[{"count":26,"href":"https:\/\/www.vhfdx.ro\/index.php\/wp-json\/wp\/v2\/pages\/245\/revisions"}],"predecessor-version":[{"id":3676,"href":"https:\/\/www.vhfdx.ro\/index.php\/wp-json\/wp\/v2\/pages\/245\/revisions\/3676"}],"wp:featuredmedia":[{"embeddable":true,"href":"https:\/\/www.vhfdx.ro\/index.php\/wp-json\/wp\/v2\/media\/1306"}],"wp:attachment":[{"href":"https:\/\/www.vhfdx.ro\/index.php\/wp-json\/wp\/v2\/media?parent=245"}],"curies":[{"name":"wp","href":"https:\/\/api.w.org\/{rel}","templated":true}]}}