{"id":2582,"date":"2021-01-04T11:49:55","date_gmt":"2021-01-04T11:49:55","guid":{"rendered":"https:\/\/www.vhfdx.ro\/?page_id=2582"},"modified":"2025-12-22T09:48:22","modified_gmt":"2025-12-22T09:48:22","slug":"cupa-fundatiei-zamolxes-144-mhz","status":"publish","type":"page","link":"https:\/\/www.vhfdx.ro\/index.php\/ro\/cupa-fundatiei-zamolxes-144-mhz\/","title":{"rendered":"Cupa Funda\u021biei Zamolxes (144 MHz)"},"content":{"rendered":"<div class=\"post-content\">\n<div class=\"wp-block-buttons is-layout-flex wp-block-buttons-is-layout-flex\">\n<div class=\"wp-block-button is-style-outline is-style-outline--1\"><a class=\"wp-block-button__link wp-element-button\" href=\"https:\/\/www.vhfdx.ro\/index.php\/ro\/cupa-fundatiei-zamolxes-144-mhz\/cupa-fundatiei-zamolxes-incarca-log\/\"><strong>\u00cencarc\u0103 Log<\/strong><\/a><\/div>\n\n\n\n<div class=\"wp-block-button is-style-outline is-style-outline--2\"><a class=\"wp-block-button__link wp-element-button\" href=\"https:\/\/www.vhfdx.ro\/index.php\/ro\/cupa-fundatiei-zamolxes-144-mhz\/cupa-fundatiei-zamolxes-loguri-primite\/\"><strong>Loguri Primite<\/strong><\/a><\/div>\n\n\n\n<div class=\"wp-block-button is-style-outline is-style-outline--3\"><a class=\"wp-block-button__link wp-element-button\" href=\"https:\/\/www.vhfdx.ro\/index.php\/ro\/cupa-fundatiei-zamolxes-144-mhz\/cupa-fundatiei-zamolxes-rezultate-generale\/\"><strong>Rezultate Generale<\/strong><\/a><\/div>\n\n\n\n<div class=\"wp-block-button is-style-outline is-style-outline--4\"><a class=\"wp-block-button__link wp-element-button\" href=\"https:\/\/www.vhfdx.ro\/index.php\/ro\/cupa-fundatiei-zamolxes-144-mhz\/cupa-fundatiei-zamolxes-rezultate-yo\/\"><strong>Rezultate YO<\/strong><\/a><\/div>\n\n\n\n<div class=\"wp-block-button is-style-outline is-style-outline--5\"><a class=\"wp-block-button__link wp-element-button\" href=\"https:\/\/www.vhfdx.ro\/index.php\/ro\/cupa-fundatiei-zamolxes-144-mhz\/cupa-fundatiei-zamolxes-arhiva-rezultate\/\"><strong>Arhiva Rezultate<\/strong><\/a><\/div>\n<\/div>\n\n\n\n<h4 class=\"wp-block-heading\">Organizatori:<\/h4>\n\n\n\n<p>Funda\u021bia Zamolxes \u0219i Radioclubul Funda\u021biei Zamolxes YO9KXR.<\/p>\n\n\n\n<h4 class=\"wp-block-heading\">Scopul:<\/h4>\n\n\n\n<p>Promovarea radioamatorismului \u00een Europa \u0219i \u00een special \u00een r\u00e2ndul tinerilor. Funda\u021bia Zamolxes are o tradi\u021bie de 25 de ani \u00een organizarea proiectelor pentru tineret. \u00cen 2011 a ini\u021biat \u0219i organizat proiectul \u201cYoungsters On the Air\u201d bine cunoscut acum pe tot mapamondul.<\/p>\n\n\n\n<h4 class=\"wp-block-heading\">Dat\u0103 \/ ore:<\/h4>\n\n\n\n<p>Concursul<em><strong>&nbsp;\u201c<\/strong><\/em><strong>Cupa Funda\u021biei Zamolxes 144MHz<\/strong><em><strong>\u201d&nbsp;<\/strong><\/em>se va desf\u0103\u0219ura \u00een primul weekend din luna Martie<em><strong>.<\/strong><\/em><\/p>\n\n\n\n<p>Pentru anul 2026: 7 Martie -8 Martie, orele 14 UTC \u2013 14 UTC<\/p>\n\n\n\n<h4 class=\"wp-block-heading\">Banda \u0219i modurile de lucru:<\/h4>\n\n\n\n<p>144 MHz; SSB, CW, FM.<\/p>\n\n\n\n<h4 class=\"wp-block-heading\">Categorii:<\/h4>\n\n\n\n<p> SO &#8211; individual<\/p>\n\n\n\n<p> MO &#8211; echipe<\/p>\n\n\n\n<h4 class=\"wp-block-heading\">Control:<\/h4>\n\n\n\n<p>RS(T) + 001 (serial cresc\u0103tor) + WW QTH locator.&nbsp;<\/p>\n\n\n\n<h4 class=\"wp-block-heading\">Punctaj:<\/h4>\n\n\n\n<p>1km = 1pct.<\/p>\n\n\n\n<h4 class=\"wp-block-heading\">Scor<strong>:<\/strong> <\/h4>\n\n\n\n<p>Suma punctelor din leg\u0103turi.<\/p>\n\n\n\n<h4 class=\"wp-block-heading\">Loguri:&nbsp;<\/h4>\n\n\n\n<p>Numai \u00een format .<strong>EDI<\/strong>, \u00een maxim&nbsp;<strong>10<\/strong>&nbsp;de zile dup\u0103 concurs, \u00een sec\u021biunea &#8220;<strong>\u00cencarc\u0103 Log<\/strong>&#8221; a concursului. Log-urile primite dup\u0103 perioada de primire a log-urilor (dar \u00eenainte de publicarea rezultatelor) vor fi folosite ca \u0219i log-control.<\/p>\n\n\n\n<p>Preluarea \u0219i corectitudinea logului poate fi verificat\u0103 pe pagina<strong> Loguri Primite<\/strong>.<\/p>\n\n\n\n<p>Pentru a intra \u00een clasament, logul sta\u021biilor str\u0103ine trebuie s\u0103 con\u021bin\u0103 cel pu\u021bin o leg\u0103tur\u0103 cu o sta\u021bie din YO, \u00een caz contrar acesta va fi considerat log-control. <\/p>\n\n\n\n<h4 class=\"wp-block-heading\">Not\u0103:&nbsp;<\/h4>\n\n\n\n<p>Cu o sta\u021bie se poate lucra o singur\u0103 dat\u0103, indiferent de mod.<\/p>\n\n\n\n<h4 class=\"wp-block-heading\">Clasamente \/ premii: <\/h4>\n\n\n\n<p>Clasamente separate pentru fiecare categorie, Generale \u0219i YO.<\/p>\n\n\n\n<p>Toate sta\u021biile care trimit log electronic vor primi diplom\u0103 electronic\u0103 de participare .<\/p>\n\n\n\n<p>Se acord\u0103 trofeul \u00abCupa Funda\u021biei Zamolxes\u00bb  sta\u021biei din concurs care ob\u021bine punctajul maxim.<\/p>\n\n\n\n<p>Sta\u021biile clasate pe locul I (\u00een cele 4 clasamente) vor primi plachete (cu excep\u021bia celei care prime\u0219te trofeul \u00abCupa Funda\u021biei Zamolxes 144 Mhz\u00bb).<\/p>\n\n\n\n<h4 class=\"wp-block-heading\">Observa\u021bii: <\/h4>\n\n\n\n<p>La arbitrarea concursului vor fi folosite ca log-control toate logurile care se pot ob\u021bine de la managerii\/arbitrii concursurilor desf\u0103\u0219urate \u00een paralel. <\/p>\n\n\n\n<p><strong>Leg\u0103turile cu sta\u021biile al c\u0103ror log nu a putut fi ob\u021binut de la ceilal\u021bi organizatori vor fi punctate astfel:<\/strong><\/p>\n\n\n\n<ul class=\"wp-block-list\">\n<li>zero puncte dac\u0103 leg\u0103tura este unic\u0103 (adic\u0103 sta\u021bia lucrat\u0103 nu se reg\u0103se\u0219te \u00een niciunul din celelalte loguri;<\/li>\n\n\n\n<li>dac\u0103 sta\u021bia lucrat\u0103 se reg\u0103se\u0219te \u00een alte loguri atunci leg\u0103tura va fi considerat\u0103 valid\u0103 dac\u0103:\n<ul class=\"wp-block-list\">\n<li>num\u0103rul serial recep\u021bionat este valid \u00een raport cu ora la care este declarat\u0103 leg\u0103tura;<\/li>\n\n\n\n<li>locatorul recep\u021bionat este identic cu cel recep\u021bionat de majoritatea sta\u021biilor care au lucrat indicativul respectiv.<\/li>\n<\/ul>\n<\/li>\n<\/ul>\n\n\n\n<p><strong>Exemple:<\/strong><\/p>\n\n\n\n<ul class=\"wp-block-list\">\n<li>sta\u021bia HA8XYZ apare \u00een 5 loguri primite. Dac\u0103 num\u0103rul serial recep\u021bionat de la HA8XYZ este \u00een ordine cresc\u0103toare \u00een raport cu ora (raportat\u0103 \u00een celelalte loguri) la care s-au efectuat leg\u0103turile, atunci leg\u0103tura este considerat\u0103 valid\u0103. <\/li>\n\n\n\n<li>Sta\u021bia HA8XYZ apare \u00een 10 loguri primite. \u00cen 8 loguri locatorul recep\u021bionat este KN06LN iar \u00een celelalte dou\u0103 loguri locatorul recep\u021bionat este diferit (ex. KN07LN). Sta\u021biile care au recep\u021bionat locatorul KN06LN vor fi considerate majoritare \u0219i li se va valida leg\u0103tura; sta\u021biile care au recep\u021bionat un locator diferit vor avea leg\u0103tura anulat\u0103 pe motiv de \u201clocator gre\u0219it\u201d.<\/li>\n<\/ul>\n\n\n\n<p>Nu se puncteaz\u0103\nleg\u0103turile la care diferen\u021ba de timp este mai mare de 5 minute.<\/p>\n\n\n\n<p>Legatura se puncteaz\u0103 cu zero puncte (pentru o sta\u021bie), dac\u0103 con\u021bine una din urm\u0103toarele erori:&nbsp; <\/p>\n\n\n\n<ul class=\"wp-block-list\">\n<li>indicativ recep\u021bionat incorect<\/li>\n\n\n\n<li>num\u0103r serial recep\u021bionat incorect<\/li>\n\n\n\n<li>QTH locator recep\u021bionat incorect<\/li>\n<\/ul>\n<\/div>","protected":false},"excerpt":{"rendered":"<p>Organizatori: Funda\u021bia Zamolxes \u0219i Radioclubul Funda\u021biei Zamolxes YO9KXR. Scopul: Promovarea<a href=\"https:\/\/www.vhfdx.ro\/index.php\/ro\/cupa-fundatiei-zamolxes-144-mhz\/\">Read More<i class=\"fa fa-long-arrow-right\" aria-hidden=\"true\"><\/i><\/a><\/p>\n","protected":false},"author":1,"featured_media":2741,"parent":0,"menu_order":0,"comment_status":"closed","ping_status":"closed","template":"","meta":{"footnotes":""},"class_list":["post-2582","page","type-page","status-publish","has-post-thumbnail","hentry"],"_links":{"self":[{"href":"https:\/\/www.vhfdx.ro\/index.php\/wp-json\/wp\/v2\/pages\/2582","targetHints":{"allow":["GET"]}}],"collection":[{"href":"https:\/\/www.vhfdx.ro\/index.php\/wp-json\/wp\/v2\/pages"}],"about":[{"href":"https:\/\/www.vhfdx.ro\/index.php\/wp-json\/wp\/v2\/types\/page"}],"author":[{"embeddable":true,"href":"https:\/\/www.vhfdx.ro\/index.php\/wp-json\/wp\/v2\/users\/1"}],"replies":[{"embeddable":true,"href":"https:\/\/www.vhfdx.ro\/index.php\/wp-json\/wp\/v2\/comments?post=2582"}],"version-history":[{"count":29,"href":"https:\/\/www.vhfdx.ro\/index.php\/wp-json\/wp\/v2\/pages\/2582\/revisions"}],"predecessor-version":[{"id":3668,"href":"https:\/\/www.vhfdx.ro\/index.php\/wp-json\/wp\/v2\/pages\/2582\/revisions\/3668"}],"wp:featuredmedia":[{"embeddable":true,"href":"https:\/\/www.vhfdx.ro\/index.php\/wp-json\/wp\/v2\/media\/2741"}],"wp:attachment":[{"href":"https:\/\/www.vhfdx.ro\/index.php\/wp-json\/wp\/v2\/media?parent=2582"}],"curies":[{"name":"wp","href":"https:\/\/api.w.org\/{rel}","templated":true}]}}