{"id":861,"date":"2020-02-18T23:42:18","date_gmt":"2020-02-18T21:42:18","guid":{"rendered":"http:\/\/www.vhfdx.ro\/?page_id=861"},"modified":"2025-12-22T11:24:27","modified_gmt":"2025-12-22T11:24:27","slug":"concursul-international-floarea-de-mina","status":"publish","type":"page","link":"https:\/\/www.vhfdx.ro\/index.php\/ro\/concursul-international-floarea-de-mina\/","title":{"rendered":"Concursul Interna\u021bional Floarea de min\u0103"},"content":{"rendered":"<div class=\"post-content\">\n<div class=\"wp-block-buttons is-layout-flex wp-block-buttons-is-layout-flex\">\n<div class=\"wp-block-button is-style-outline is-style-outline--1\"><a class=\"wp-block-button__link wp-element-button\" href=\"https:\/\/www.vhfdx.ro\/index.php\/ro\/concursul-international-floarea-de-mina\/incarca-log\/\"><strong>\u00cencarc\u0103 Log<\/strong><\/a><\/div>\n\n\n\n<div class=\"wp-block-button is-style-outline is-style-outline--2\"><a class=\"wp-block-button__link wp-element-button\" href=\"https:\/\/www.vhfdx.ro\/index.php\/ro\/concursul-international-floarea-de-mina\/loguri-primite\/\"><strong>Loguri primite<\/strong><\/a><\/div>\n\n\n\n<div class=\"wp-block-button is-style-outline is-style-outline--3\"><a class=\"wp-block-button__link wp-element-button\" href=\"https:\/\/www.vhfdx.ro\/index.php\/ro\/concursul-international-floarea-de-mina\/arhiva-rezultate\/\"><strong>Arhiv\u0103 rezultate<\/strong> <strong>(2024 inclus)<\/strong><\/a><\/div>\n<\/div>\n\n\n\n<h4 class=\"wp-block-heading\">Rezultate:<\/h4>\n\n\n\n<div class=\"wp-block-buttons is-layout-flex wp-block-buttons-is-layout-flex\">\n<div class=\"wp-block-button is-style-outline is-style-outline--4\"><a class=\"wp-block-button__link wp-element-button\" href=\"https:\/\/www.vhfdx.ro\/index.php\/ro\/concursul-international-floarea-de-mina\/rezultate-2020\/rezultate-generale-sb-2\/\"><strong>General SB<\/strong><\/a><\/div>\n\n\n\n<div class=\"wp-block-button is-style-outline is-style-outline--5\"><a class=\"wp-block-button__link wp-element-button\" href=\"https:\/\/www.vhfdx.ro\/index.php\/ro\/concursul-international-floarea-de-mina\/rezultate-2020\/rezultate-generale-sb\/\"><strong>General MB<\/strong><\/a><\/div>\n\n\n\n<div class=\"wp-block-button is-style-outline is-style-outline--6\"><a class=\"wp-block-button__link wp-element-button\" href=\"https:\/\/www.vhfdx.ro\/index.php\/ro\/concursul-international-floarea-de-mina\/rezultate-2020\/rezultate-yo-sb\/\"><strong>YO SB<\/strong><\/a><\/div>\n\n\n\n<div class=\"wp-block-button is-style-outline is-style-outline--7\"><a class=\"wp-block-button__link wp-element-button\" href=\"https:\/\/www.vhfdx.ro\/index.php\/ro\/concursul-international-floarea-de-mina\/rezultate-2020\/rezultate-yo-mb\/\"><strong>YO MB<\/strong><\/a><\/div>\n<\/div>\n\n\n\n<hr class=\"wp-block-separator has-css-opacity is-style-wide\"\/>\n\n\n\n<h4 class=\"wp-block-heading\">Organizator:<\/h4>\n\n\n\n<p>Radioclubul municipal Baia Mare (YO5KAD)<\/p>\n\n\n\n<h4 class=\"wp-block-heading\">Obiectiv:<\/h4>\n\n\n\n<p>Realizarea a c\u00e2t mai multor leg\u0103turi, respect\u00e2nd limitele legale \u0219i cerin\u021bele licen\u021bei  proprii privind planul de band\u0103 \u0219i putere.<\/p>\n\n\n\n<h4 class=\"wp-block-heading\">Perioada:<\/h4>\n\n\n\n<p>Primul sf\u00e2r\u0219it de s\u0103pt\u0103m\u00e2n\u0103 din luna Iunie, S\u00e2mb\u0103t\u0103 de la ora 14:00 UTC p\u00e2n\u0103 Duminic\u0103 13:59 UTC.<\/p>\n\n\n\n<p><strong>Pentru 2026: 6 Iunie 14:00 UTC &#8211; 8 Iunie 14 UTC.<\/strong><\/p>\n\n\n\n<h4 class=\"wp-block-heading\">Benzi \u0219i moduri de lucru:<\/h4>\n\n\n\n<p>144 MHz, 432 MHz \u0219i 1296 MHz. CW, SSB \u0219i FM<\/p>\n\n\n\n<h4 class=\"wp-block-heading\">Categorii:<\/h4>\n\n\n\n<p><strong>A<\/strong>. SO &#8211; 144 MHz<\/p>\n\n\n\n<p><strong>B.<\/strong> SO &#8211; 432 MHz<\/p>\n\n\n\n<p><strong>C<\/strong>. SO &#8211; 1296 MHz<\/p>\n\n\n\n<p><strong>D.<\/strong> SO MB<\/p>\n\n\n\n<p><strong>E.<\/strong> MO MB (Sta\u021biile MO trebuie s\u0103 \u00eencarce logul pentru fiecare band\u0103 separat)<\/p>\n\n\n\n<p><strong>F<\/strong>. Log Control<\/p>\n\n\n\n<p>Sta\u021biile de la categoria E vor utiliza un singur indicativ pe toat\u0103 perioada concursului indiferent de benzile utilizate.<\/p>\n\n\n\n<h4 class=\"wp-block-heading\">Leg\u0103turi:<\/h4>\n\n\n\n<p>Cu aceea\u0219i sta\u021bie se poate realiza o legatur\u0103 valid\u0103 o singur\u0103 dat\u0103 pe band\u0103 indiferent de modul de lucru. Nu se accept\u0103 leg\u0103turile cross-band sau cross-mod. Utilizarea de chaturi, skimmer sau DX cluster estte permis\u0103 cu excep\u021bia self-spoturilor. <\/p>\n\n\n\n<p>Leg\u0103turile duble vor fi l\u0103sate \u00een log, ele necontribuind la punctajul final. \u00cen cazul acestora, nu vor fi considerate penaliz\u0103ri. Se vor efectua leg\u0103turi \u00een segmentele de band\u0103 alocate conform planului de band\u0103 al IARU REG1.<\/p>\n\n\n\n<h4 class=\"wp-block-heading\">Controale:<\/h4>\n\n\n\n<p>RS(T) + num\u0103r serial cresc\u0103tor + WW QTH locator<br>Num\u0103rul serial cresc\u0103tor este separat pentru fiecare band\u0103.<\/p>\n\n\n\n<h4 class=\"wp-block-heading\">Punctaj:<\/h4>\n\n\n\n<p>144 Mhz &#8211; 1 punct \/ km<\/p>\n\n\n\n<p>432Mhz &#8211; 5 puncte \/ km<\/p>\n\n\n\n<p>1296 Mhz &#8211; 10 puncte \/ km<\/p>\n\n\n\n<p>La categoriile D si E punctajul va fi suma punctelor din toate benzile. <\/p>\n\n\n\n<h4 class=\"wp-block-heading\">Loguri:<\/h4>\n\n\n\n<p>Numai \u00een format .<strong>EDI<\/strong>, pentru fiecare band\u0103 separat, \u00een maxim&nbsp;<strong>10<\/strong>&nbsp;de zile dup\u0103 concurs, in sectiunea \u201eUPLOAD LOG\u201d al concursului. Log-urile primite dupa perioada de primire a log-urilor vor fi folosite ca \u0219i log control.<\/p>\n\n\n\n<p>Pentru a intra \u00een clasament, logul trebuie s\u0103 con\u021bin\u0103 cel pu\u021bin 5 QSO cu sta\u021bii din YO pentru 144 MHz, 3 QSO-uri cu sta\u021bii YO pentru 432 MHz, \u0219i 1 QSO cu o sta\u021bie YO pentru 1296 MHz. Pentru ca logul s\u0103 fie valid pentru categoriile multiband acestea trebuie la fel s\u0103 con\u021bin\u0103 leg\u0103turile minime pe fiecare band\u0103 separat.<\/p>\n\n\n\n<p>Se face c\u00e2te un fi\u0219ier EDI pentru fiecare band\u0103, iar numele fi\u0219ierului trebuie s\u0103 con\u021bin\u0103 indicativul \u0219i banda, de exemplu YO5AAA_P_432.edi. Preluare si corectitudinea lui poate fi verificata in pagina&nbsp;<strong>Loguri primite<\/strong>.<\/p>\n\n\n\n<h4 class=\"wp-block-heading\">Arbitraj:<\/h4>\n\n\n\n<p>Toate logurile corecte sosite \u00een temenul regulamentar vor fi luate \u00een considerare \u0219i arbitrate la categoria optat\u0103.<br>Erori ca diferen\u021b\u0103 de timp mai mare de +\/-5 minute la \u00eenregistrarea unei leg\u0103turi cu un alt corespondent sau QTH locatorului vor atrage anularea leg\u0103turii ambilor coresponden\u021bi. Erori precum RST \u0219i nr. serial vor atrage depunct\u0103ri de 25% din valoarea punctelor corespondente leg\u0103turii respective. La arbitrare se vor folosi loguri \u0219i de la alte concursuri organizate \u00een paralel. <\/p>\n\n\n\n<h4 class=\"wp-block-heading\">Clasamente\/premii:&nbsp;<\/h4>\n\n\n\n<p>Se realizeaz\u0103 clasamente generale separate pentru fiecare categorie \u0219i band\u0103. Se acord\u0103 diplome electronice tuturor participan\u021bilor.<\/p>\n\n\n\n<p><\/p>\n\n\n\n<p>V\u0103 dorim mult success \u0219i v\u0103 invit\u0103m la FAIRPLAY!!!<\/p>\n\n\n\n<p><strong>YO5KAD<\/strong>, Radioclubul Municipal Baia Mare<\/p>\n\n\n\n<p><br><\/p>\n<\/div>","protected":false},"excerpt":{"rendered":"<p>Rezultate: Organizator: Radioclubul municipal Baia Mare (YO5KAD) Obiectiv: Realizarea a<a href=\"https:\/\/www.vhfdx.ro\/index.php\/ro\/concursul-international-floarea-de-mina\/\">Read More<i class=\"fa fa-long-arrow-right\" aria-hidden=\"true\"><\/i><\/a><\/p>\n","protected":false},"author":1,"featured_media":0,"parent":0,"menu_order":0,"comment_status":"closed","ping_status":"closed","template":"","meta":{"footnotes":""},"class_list":["post-861","page","type-page","status-publish","hentry"],"_links":{"self":[{"href":"https:\/\/www.vhfdx.ro\/index.php\/wp-json\/wp\/v2\/pages\/861","targetHints":{"allow":["GET"]}}],"collection":[{"href":"https:\/\/www.vhfdx.ro\/index.php\/wp-json\/wp\/v2\/pages"}],"about":[{"href":"https:\/\/www.vhfdx.ro\/index.php\/wp-json\/wp\/v2\/types\/page"}],"author":[{"embeddable":true,"href":"https:\/\/www.vhfdx.ro\/index.php\/wp-json\/wp\/v2\/users\/1"}],"replies":[{"embeddable":true,"href":"https:\/\/www.vhfdx.ro\/index.php\/wp-json\/wp\/v2\/comments?post=861"}],"version-history":[{"count":20,"href":"https:\/\/www.vhfdx.ro\/index.php\/wp-json\/wp\/v2\/pages\/861\/revisions"}],"predecessor-version":[{"id":3670,"href":"https:\/\/www.vhfdx.ro\/index.php\/wp-json\/wp\/v2\/pages\/861\/revisions\/3670"}],"wp:attachment":[{"href":"https:\/\/www.vhfdx.ro\/index.php\/wp-json\/wp\/v2\/media?parent=861"}],"curies":[{"name":"wp","href":"https:\/\/api.w.org\/{rel}","templated":true}]}}